{"id":427,"date":"2016-07-28T09:14:51","date_gmt":"2016-07-28T07:14:51","guid":{"rendered":"http:\/\/institutulcopilului.ro\/?page_id=427"},"modified":"2023-01-22T21:15:11","modified_gmt":"2023-01-22T19:15:11","slug":"acasa","status":"publish","type":"page","link":"https:\/\/institutulcopilului.ro\/","title":{"rendered":"Acasa"},"content":{"rendered":"<div id=\"dslc-content\" class=\"dslc-content dslc-clearfix\"><div id=\"dslc-main\">\r\n\t\t<div  class=\"dslc-modules-section  dslc-full  dslc-no-columns-spacing \" style=\"padding-bottom:0px;padding-top:0px;\" data-section-id=\"\">\r\n\t\t\t\t\r\n\t\t\t\t\r\n\t\t\t\t<div class=\"dslc-modules-section-wrapper dslc-clearfix\"> <div class=\"dslc-modules-area dslc-col dslc-12-col dslc-last-col\" data-size=\"12\" data-valign=\"\">\r\n\t\t<div id=\"dslc-module-3\" class=\"dslc-module-front dslc-module-DSLC_Posts dslc-in-viewport-check dslc-in-viewport-anim-none  dslc-col dslc-12-col  dslc-module-handle-like-regular \" data-module-id=\"3\" data-module=\"DSLC_Posts\" data-dslc-module-size=\"12\" data-dslc-anim=\"none\" data-dslc-anim-delay=\"0\" data-dslc-anim-duration=\"650\"  data-dslc-anim-easing=\"ease\" data-dslc-preset=\"none\" >\r\n\r\n\t\t\t\r\n\t\t\t\r\n\t\t\t\t<div class=\"dslc-posts dslc-cpt-posts dslc-clearfix dslc-cpt-posts-type-grid dslc-posts-orientation-vertical dslc-init-grid \">\r\n\r\n\t\t\t\r\n\t\t\t<div class=\"dslc-posts-inner\">\r\n\t\t\t\t\t<div class=\"dslc-post dslc-cpt-post dslc-col dslc-4-col  dslc-first-col\" data-cats=\"\">\r\n\t\t\t\t\t\t\t\t\t\t\t\t\t\t\t\t\t\t\t\t\r\n\t\t\t\t\t\t\t\t<div class=\"dslc-post-thumb dslc-cpt-post-thumb dslc-on-hover-anim\">\r\n\r\n\t\t\t\t\t\t\t\t\t<div class=\"dslc-cpt-post-thumb-inner dslca-post-thumb\">\r\n\t\t\t\t\t\t\t\t\t\t\r\n\t\t\t\t\t\t\t\t\t\t\t\t\t\t\t\t\t\t\t\t\t<a href=\"https:\/\/institutulcopilului.ro\/?dslc_galleries=centrul-evelyne\" class=\"\"><img width=\"1300\" height=\"907\" src=\"https:\/\/institutulcopilului.ro\/wp-content\/uploads\/2016\/09\/child-s-drawing-fam.jpg\" class=\"attachment-full size-full wp-post-image\" alt=\"\" decoding=\"async\" loading=\"lazy\" title=\"child-s-drawing-fam\" srcset=\"https:\/\/institutulcopilului.ro\/wp-content\/uploads\/2016\/09\/child-s-drawing-fam.jpg 1300w, https:\/\/institutulcopilului.ro\/wp-content\/uploads\/2016\/09\/child-s-drawing-fam-300x209.jpg 300w, https:\/\/institutulcopilului.ro\/wp-content\/uploads\/2016\/09\/child-s-drawing-fam-768x536.jpg 768w, https:\/\/institutulcopilului.ro\/wp-content\/uploads\/2016\/09\/child-s-drawing-fam-1024x714.jpg 1024w\" sizes=\"(max-width: 1300px) 100vw, 1300px\" \/><\/a>\r\n\t\t\t\t\t\t\t\t\t\t\t\t\t\t\t\t\t\t\t<\/div><!-- .dslc-cpt-post-thumb-inner -->\r\n\r\n\t\t\t\t\t\t\t\t\t\r\n\t\t\t\t\t\t\t\t<\/div><!-- .dslc-cpt-post-thumb -->\r\n\r\n\t\t\t\t\t\t\t\t\t\t\t\t\t\r\n\t\t\t\t\t\t\r\n\t\t\t\t\t\t\t<div class=\"dslc-post-main dslc-cpt-post-main\">\r\n\r\n\t\t\t\t\t\t\t\t\r\n\t\t\t\t\t\t\t\t\t<div class=\"dslc-cpt-post-title\">\r\n\t\t\t\t\t\t\t\t\t\t<h2><a href=\"https:\/\/institutulcopilului.ro\/?dslc_galleries=centrul-evelyne\">Centrul Evelyne<\/a><\/h2>\r\n\t\t\t\t\t\t\t\t\t<\/div><!-- .dslc-cpt-post-title -->\r\n\r\n\t\t\t\t\t\t\t\t\r\n\t\t\t\t\t\t\t\t\r\n\t\t\t\t\t\t\t\t\t\t\t\t\t\t\t\t\t<div class=\"dslc-cpt-post-excerpt\">\r\n\t\t\t\t\t\t\t\t\t\t\t\t\t\t\t\t\t\t\t\t\tCentrul de recuperare \u0219i dezvoltare pentru copii \u201cEvelyne\u201d folose\u0219te interven\u021bia \u00een echipa multidisciplinar\u0103 \u0219i ofer\u0103 servicii de evaluare pentru fiecare copil \u00een parte, urmate de un program individualizat de terapii \u0219i activit\u0103\u021bi de consiliere sau educative,.Identificarea precoce a oric\u0103ror deficien\u021be dar \u0219i evaluarea lor corect\u0103 \u0219i complet\u0103 cresc \u0219ansele de recuperare prin terapii individuale adaptate nevoilor fiec\u0103rui copil.\t\t\t\t\t\t\t\t\t\t\t\t\t\t\t\t\t\t\t<\/div><!-- .dslc-cpt-post-excerpt -->\r\n\r\n\t\t\t\t\t\t\t\t\r\n\t\t\t\t\t\t\t\t\r\n\t\t\t\t\t\t\t\t\t<div class=\"dslc-cpt-post-read-more\">\r\n\t\t\t\t\t\t\t\t\t\t<a href=\"https:\/\/institutulcopilului.ro\/?dslc_galleries=centrul-evelyne\">\r\n\t\t\t\t\t\t\t\t\t\t\t\t\t\t\t\t\t\t\t\t\t\t\t<span class=\"dslc-icon dslc-icon-\"><\/span>\r\n\t\t\t\t\t\t\t\t\t\t\t\t\t\t\t\t\t\t\t\t\t\tCONTINUARE\t\t\t\t\t\t\t\t\t\t<\/a>\r\n\t\t\t\t\t\t\t\t\t<\/div><!-- .dslc-cpt-post-read-more -->\r\n\r\n\t\t\t\t\t\t\t\t\r\n\t\t\t\t\t\t\t<\/div><!-- .dslc-cpt-post-main -->\r\n\r\n\t\t\t\t\t\t\r\n\t\t\t\t\t<\/div><!-- .dslc-cpt-post -->\r\n\t\t\t\t\t<div class=\"dslc-post dslc-cpt-post dslc-col dslc-4-col \" data-cats=\"\">\r\n\t\t\t\t\t\t\t\t\t\t\t\t\t\t\t\t\t\t\t\t\r\n\t\t\t\t\t\t\t\t<div class=\"dslc-post-thumb dslc-cpt-post-thumb dslc-on-hover-anim\">\r\n\r\n\t\t\t\t\t\t\t\t\t<div class=\"dslc-cpt-post-thumb-inner dslca-post-thumb\">\r\n\t\t\t\t\t\t\t\t\t\t\r\n\t\t\t\t\t\t\t\t\t\t\t\t\t\t\t\t\t\t\t\t\t<a href=\"https:\/\/institutulcopilului.ro\/?dslc_galleries=institutul-pentru-dezvoltarea-copilului\" class=\"\"><img width=\"400\" height=\"274\" src=\"https:\/\/institutulcopilului.ro\/wp-content\/uploads\/2016\/09\/underwater-world-coral-reef-children-painting-watercolors-63703546.jpg\" class=\"attachment-full size-full wp-post-image\" alt=\"\" decoding=\"async\" loading=\"lazy\" title=\"underwater-world-coral-reef-children-painting-watercolors-63703546\" srcset=\"https:\/\/institutulcopilului.ro\/wp-content\/uploads\/2016\/09\/underwater-world-coral-reef-children-painting-watercolors-63703546.jpg 400w, https:\/\/institutulcopilului.ro\/wp-content\/uploads\/2016\/09\/underwater-world-coral-reef-children-painting-watercolors-63703546-300x206.jpg 300w\" sizes=\"(max-width: 400px) 100vw, 400px\" \/><\/a>\r\n\t\t\t\t\t\t\t\t\t\t\t\t\t\t\t\t\t\t\t<\/div><!-- .dslc-cpt-post-thumb-inner -->\r\n\r\n\t\t\t\t\t\t\t\t\t\r\n\t\t\t\t\t\t\t\t<\/div><!-- .dslc-cpt-post-thumb -->\r\n\r\n\t\t\t\t\t\t\t\t\t\t\t\t\t\r\n\t\t\t\t\t\t\r\n\t\t\t\t\t\t\t<div class=\"dslc-post-main dslc-cpt-post-main\">\r\n\r\n\t\t\t\t\t\t\t\t\r\n\t\t\t\t\t\t\t\t\t<div class=\"dslc-cpt-post-title\">\r\n\t\t\t\t\t\t\t\t\t\t<h2><a href=\"https:\/\/institutulcopilului.ro\/?dslc_galleries=institutul-pentru-dezvoltarea-copilului\">Institutul pentru Dezvoltarea Copilului<\/a><\/h2>\r\n\t\t\t\t\t\t\t\t\t<\/div><!-- .dslc-cpt-post-title -->\r\n\r\n\t\t\t\t\t\t\t\t\r\n\t\t\t\t\t\t\t\t\r\n\t\t\t\t\t\t\t\t\t\t\t\t\t\t\t\t\t<div class=\"dslc-cpt-post-excerpt\">\r\n\t\t\t\t\t\t\t\t\t\t\t\t\t\t\t\t\t\t\t\t\tInstitutul pentru Dezvoltarea Copilului este un proiect de interes public, fiind o structur\u0103 f\u0103r\u0103 personalitate juridic\u0103 \u00een cadrul Asocia\u021biei pentru Dezvoltarea Copilului, cu scopul de a organiza \u0219i desf\u0103\u0219ura activit\u0103\u021bi de cercetare, analiz\u0103, dezvoltare strategic\u0103 \u0219i programatic\u0103, formare de personal \u0219i aplicare practic\u0103 a instrumentelor \u0219i metodelor realizate \u00een domeniul protec\u021biei \u0219i promov\u0103rii drepturilor copilului \u0219i \u00een domeniile conexe acestuia.&hellip;\t\t\t\t\t\t\t\t\t\t\t\t\t\t\t\t\t\t\t<\/div><!-- .dslc-cpt-post-excerpt -->\r\n\r\n\t\t\t\t\t\t\t\t\r\n\t\t\t\t\t\t\t\t\r\n\t\t\t\t\t\t\t\t\t<div class=\"dslc-cpt-post-read-more\">\r\n\t\t\t\t\t\t\t\t\t\t<a href=\"https:\/\/institutulcopilului.ro\/?dslc_galleries=institutul-pentru-dezvoltarea-copilului\">\r\n\t\t\t\t\t\t\t\t\t\t\t\t\t\t\t\t\t\t\t\t\t\t\t<span class=\"dslc-icon dslc-icon-\"><\/span>\r\n\t\t\t\t\t\t\t\t\t\t\t\t\t\t\t\t\t\t\t\t\t\tCONTINUARE\t\t\t\t\t\t\t\t\t\t<\/a>\r\n\t\t\t\t\t\t\t\t\t<\/div><!-- .dslc-cpt-post-read-more -->\r\n\r\n\t\t\t\t\t\t\t\t\r\n\t\t\t\t\t\t\t<\/div><!-- .dslc-cpt-post-main -->\r\n\r\n\t\t\t\t\t\t\r\n\t\t\t\t\t<\/div><!-- .dslc-cpt-post -->\r\n\t\t\t\t\t<div class=\"dslc-post dslc-cpt-post dslc-col dslc-4-col  dslc-last-col\" data-cats=\"\">\r\n\t\t\t\t\t\t\t\t\t\t\t\t\t\t\t\t\t\t\t\t\r\n\t\t\t\t\t\t\t\t<div class=\"dslc-post-thumb dslc-cpt-post-thumb dslc-on-hover-anim\">\r\n\r\n\t\t\t\t\t\t\t\t\t<div class=\"dslc-cpt-post-thumb-inner dslca-post-thumb\">\r\n\t\t\t\t\t\t\t\t\t\t\r\n\t\t\t\t\t\t\t\t\t\t\t\t\t\t\t\t\t\t\t\t\t<a href=\"https:\/\/institutulcopilului.ro\/?dslc_galleries=cercetare\" class=\"\"><img width=\"433\" height=\"299\" src=\"https:\/\/institutulcopilului.ro\/wp-content\/uploads\/2016\/08\/economic-social-resarch-e1473599362476.gif\" class=\"attachment-full size-full wp-post-image\" alt=\"\" decoding=\"async\" loading=\"lazy\" title=\"economic-social-resarch\" \/><\/a>\r\n\t\t\t\t\t\t\t\t\t\t\t\t\t\t\t\t\t\t\t<\/div><!-- .dslc-cpt-post-thumb-inner -->\r\n\r\n\t\t\t\t\t\t\t\t\t\r\n\t\t\t\t\t\t\t\t<\/div><!-- .dslc-cpt-post-thumb -->\r\n\r\n\t\t\t\t\t\t\t\t\t\t\t\t\t\r\n\t\t\t\t\t\t\r\n\t\t\t\t\t\t\t<div class=\"dslc-post-main dslc-cpt-post-main\">\r\n\r\n\t\t\t\t\t\t\t\t\r\n\t\t\t\t\t\t\t\t\t<div class=\"dslc-cpt-post-title\">\r\n\t\t\t\t\t\t\t\t\t\t<h2><a href=\"https:\/\/institutulcopilului.ro\/?dslc_galleries=cercetare\">Cercetare<\/a><\/h2>\r\n\t\t\t\t\t\t\t\t\t<\/div><!-- .dslc-cpt-post-title -->\r\n\r\n\t\t\t\t\t\t\t\t\r\n\t\t\t\t\t\t\t\t\r\n\t\t\t\t\t\t\t\t\t\t\t\t\t\t\t\t\t<div class=\"dslc-cpt-post-excerpt\">\r\n\t\t\t\t\t\t\t\t\t\t\t\t\t\t\t\t\t\t\t\t\t\u00cen cadrul conferin\u021belor organizate de Institutul pentru Dezvoltarea Copilului \u0219i partenerii sai, au fost prezentate rezultatele studiului \u201cBucharest Early Intervention Project \u2013 BEIP\u201d demarat \u00een anul 2000 de trei universit\u0103\u021bi americane \u2013 University of Minnesota, University of Tulane \u0219i University of Maryland \u0219i implementat de Funda\u021bia SERA ROM\u00c2NIA. Studiul a fost conceput astfel \u00eenc\u00e2t s\u0103 examineze efectele institu\u021bionaliz\u0103rii asupra dezvolt\u0103rii&hellip;\t\t\t\t\t\t\t\t\t\t\t\t\t\t\t\t\t\t\t<\/div><!-- .dslc-cpt-post-excerpt -->\r\n\r\n\t\t\t\t\t\t\t\t\r\n\t\t\t\t\t\t\t\t\r\n\t\t\t\t\t\t\t\t\t<div class=\"dslc-cpt-post-read-more\">\r\n\t\t\t\t\t\t\t\t\t\t<a href=\"https:\/\/institutulcopilului.ro\/?dslc_galleries=cercetare\">\r\n\t\t\t\t\t\t\t\t\t\t\t\t\t\t\t\t\t\t\t\t\t\t\t<span class=\"dslc-icon dslc-icon-\"><\/span>\r\n\t\t\t\t\t\t\t\t\t\t\t\t\t\t\t\t\t\t\t\t\t\tCONTINUARE\t\t\t\t\t\t\t\t\t\t<\/a>\r\n\t\t\t\t\t\t\t\t\t<\/div><!-- .dslc-cpt-post-read-more -->\r\n\r\n\t\t\t\t\t\t\t\t\r\n\t\t\t\t\t\t\t<\/div><!-- .dslc-cpt-post-main -->\r\n\r\n\t\t\t\t\t\t\r\n\t\t\t\t\t<\/div><!-- .dslc-cpt-post -->\t\t\t<\/div><!--.dslc-posts-inner -->\r\n\r\n\t\t\t\r\n\t\t<\/div><!-- .dslc-cpt-posts -->\r\n\t\t\t\t<\/div><!-- .dslc-module -->\r\n\t\t<\/div> <\/div><\/div> <\/div><\/div>","protected":false},"excerpt":{"rendered":"","protected":false},"author":1,"featured_media":0,"parent":0,"menu_order":0,"comment_status":"closed","ping_status":"closed","template":"","meta":[],"_links":{"self":[{"href":"https:\/\/institutulcopilului.ro\/index.php?rest_route=\/wp\/v2\/pages\/427"}],"collection":[{"href":"https:\/\/institutulcopilului.ro\/index.php?rest_route=\/wp\/v2\/pages"}],"about":[{"href":"https:\/\/institutulcopilului.ro\/index.php?rest_route=\/wp\/v2\/types\/page"}],"author":[{"embeddable":true,"href":"https:\/\/institutulcopilului.ro\/index.php?rest_route=\/wp\/v2\/users\/1"}],"replies":[{"embeddable":true,"href":"https:\/\/institutulcopilului.ro\/index.php?rest_route=%2Fwp%2Fv2%2Fcomments&post=427"}],"version-history":[{"count":29,"href":"https:\/\/institutulcopilului.ro\/index.php?rest_route=\/wp\/v2\/pages\/427\/revisions"}],"predecessor-version":[{"id":584,"href":"https:\/\/institutulcopilului.ro\/index.php?rest_route=\/wp\/v2\/pages\/427\/revisions\/584"}],"wp:attachment":[{"href":"https:\/\/institutulcopilului.ro\/index.php?rest_route=%2Fwp%2Fv2%2Fmedia&parent=427"}],"curies":[{"name":"wp","href":"https:\/\/api.w.org\/{rel}","templated":true}]}}