{"id":5,"date":"2014-03-27T14:15:00","date_gmt":"2014-03-27T14:15:00","guid":{"rendered":"http:\/\/institutulcopilului.ro\/?page_id=5"},"modified":"2017-03-02T07:36:00","modified_gmt":"2017-03-02T05:36:00","slug":"evenimente","status":"publish","type":"page","link":"https:\/\/institutulcopilului.ro\/?page_id=5","title":{"rendered":"Evenimente"},"content":{"rendered":"<div id=\"dslc-content\" class=\"dslc-content dslc-clearfix\"><div id=\"dslc-main\">\r\n\t\t<div  class=\"dslc-modules-section \" style=\"\" data-section-id=\"d3d4e407d06\">\r\n\t\t\t\t\r\n\t\t\t\t\r\n\t\t\t\t<div class=\"dslc-modules-section-wrapper dslc-clearfix\"><div class=\"dslc-modules-area dslc-col dslc-12-col dslc-last-col\" data-size=\"12\" data-valign=\"\">\r\n\t\t<div id=\"dslc-module-31\" class=\"dslc-module-front dslc-module-DSLC_Image dslc-in-viewport-check dslc-in-viewport-anim-none  dslc-col dslc-12-col dslc-last-col  dslc-module-handle-like-regular \" data-module-id=\"31\" data-module=\"DSLC_Image\" data-dslc-module-size=\"12\" data-dslc-anim=\"none\" data-dslc-anim-delay=\"0\" data-dslc-anim-duration=\"650\"  data-dslc-anim-easing=\"ease\" data-dslc-preset=\"none\" >\r\n\r\n\t\t\t\r\n\t\t\t\r\n\t\t\t\t<div class=\"dslc-image-container\">\r\n\t\t<div class=\"dslc-image\">\r\n\r\n\t\t\t\r\n\t\t\t\t\r\n\t\t\t\t\t\t\t\t\t<img src=\"http:\/\/institutulcopilului.ro\/wp-content\/uploads\/2016\/09\/congrese.jpg\" alt=\"\" title=\"\"   \/>\r\n\t\t\t\t\r\n\t\t\t\t\t\t\t\t\t<\/div><!-- .dslc-image -->\r\n\t\t<\/div>\r\n\t\t\r\n\t\t\t\t<\/div><!-- .dslc-module -->\r\n\t\t\r\n\t\t<div id=\"dslc-module-29\" class=\"dslc-module-front dslc-module-DSLC_Accordion dslc-in-viewport-check dslc-in-viewport-anim-dslcSlideUp  dslc-col dslc-12-col dslc-last-col  dslc-module-handle-like-accordion \" data-module-id=\"29\" data-module=\"DSLC_Accordion\" data-dslc-module-size=\"12\" data-dslc-anim=\"dslcSlideUp\" data-dslc-anim-delay=\"0\" data-dslc-anim-duration=\"650\"  data-dslc-anim-easing=\"ease\" data-dslc-preset=\"none\" >\r\n\r\n\t\t\t\r\n\t\t\t\r\n\t\t\r\n\t\t\t\t<div class=\"dslc-accordion\" data-open=\"2\">\r\n\r\n\t\t\t\t\t\r\n\t\t\t\t\t\t\r\n\t\t\t\t\t\t\t<div class=\"dslc-accordion-item\" id=\"accordion-0\">\r\n\r\n\t\t\t\t\t\t\t\t<div class=\"dslc-accordion-header dslc-accordion-hook\">\r\n\t\t\t\t\t\t\t\t\t<span class=\"dslc-accordion-title\" >CONGRESE \u0219i CONFERIN\u021aE                      <\/span>\r\n\t\t\t\t\t\t\t\t\t\t\t\t\t\t\t\t\t\t\t\t\t\t\t\t\t\t\t\t<div class=\"dslca-accordion-action-hooks\">\r\n\t\t\t\t\t\t\t\t\t\t\t<span class=\"dslca-toggle-accordion-hook\"><span class=\"dslca-icon dslc-icon-minus\"><\/span><\/span>\r\n\t\t\t\t\t\t\t\t\t\t<\/div>\r\n\t\t\t\t\t\t\t\t\t\t\t\t\t\t\t\t\t<\/div>\r\n\r\n\t\t\t\t\t\t\t\t<div class=\"dslc-accordion-content\">\r\n\t\t\t\t\t\t\t\t\t<div class=\"dslca-editable-content\">\r\n\t\t\t\t\t\t\t\t\t\t<div class=\"dslca-editable-content\" data-exportable-content=\"\"><p><strong>18-19 ianuarie 2017<\/strong><\/p><p><strong>Conferin\u021ba cu tema \u201dInterven\u021bia terapeutic\u0103 integrat\u0103 \u00een recuperarea copilului cu dizabilit\u0103\u021bi\u201d <\/strong><\/p><p>Evenimentul organizat de Asocia\u021bia pentru Dezvoltarea Copilului (ADC) s-a desfasurat timp de doua zile in Bucuresti si a adunat peste 120 de medici, psihologi, asisten\u021bi sociali \u0219i speciali\u0219ti \u00een domeniu, dar si autoritati \u0219i p\u0103rin\u021bi ai copiilor cu dizabilit\u0103\u021bi. Continu\u00e2nd seria de conferin\u021be tematice ale ADC, evenimentul a marcat \u00een acela\u0219i timp inaugurarea componentei de servicii directe ale organiza\u021biei, respectiv prezentarea Centrului de recuperare \u0219i dezvoltare pentru copii \u201dEvelyne\u201d \u0219i a serviciilor pentru copii \u0219i p\u0103rin\u021bi oferite de acesta.<\/p><p>Conferinta a pus in lumina importan\u021ba \u0219i necesitatea diagnosticului si a interven\u021biei precoce \u00een procesul de recuperare a acestora, rolul echipei multidisciplinare \u00een cadrul interven\u021biei terapeutice integrate, c\u00e2t \u0219i calitatea rela\u021biei copil-p\u0103rinte si p\u0103rinte-p\u0103rinte cu impact pozitiv asupra psihicului copilului.\u00a0<\/p><p>Printre specialistii care au sustinut discursuri in cadrul conferintei s-au numarat Dr. Iulia Constantinescu (Coordonator proiect, Asocia\u021bia pentru Dezvoltarea Copilului), Dr. Charles Zeanah Jr. (profesor universitar, Catedra de psihiatrie a copilului \u0219i adolescentului, Universitatea Tulane, SUA) , Evelyne Soyez (neuro-fizio-kinetoterapeut, osteopat, Paris, Fran\u021ba), Dr. Elena Tudorache (medic specialist psihiatrie infantil\u0103, C.R.D.C. Evelyne)<em>, <\/em>Cornel Irimia (psihanalist, supervizor echip\u0103, C.R.D.C. Evelyne), Monica Popescu (psihopedagog, consilier p\u0103rin\u021bi, C.R.D.C. Evelyne).<\/p><p>Totodat\u0103, conferin\u021ba a beneficiat si de perspectiva Autorit\u0103\u021bii Na\u021bionale pentru Protec\u021bia Drepturilor Copilului \u0219i Adop\u021bie prezentata de dna director Elena Tudor, a Colegiului Na\u021bional al Asisten\u021bilor Sociali prin pre\u0219edintele acestuia dnul Doru Buzducea iar cooperarea public-privat a fost abordat\u0103 de Dr. D\u0103nu\u021b Fleac\u0103, Director General al Direc\u021biei Generale de Asisten\u021b\u0103 Social\u0103 \u0219i Protec\u021bia Copilului Sector 1, Bucure\u0219ti, de Nicu Sorin Turturea, expert achizi\u021bii \u0219i de Anders Lynge Madsen, responsabil de proiect, Funda\u021biile VELUX Danemarca.<\/p><p>Conceptul Centrului \u201cEvelyne\u201d a pornit de la premisa c\u0103 identificarea precoce a oric\u0103ror deficien\u021be, dar \u0219i evaluarea lor corect\u0103 \u0219i complet\u0103 cresc \u0219ansele de recuperare prin terapii individuale adaptate nevoilor fiec\u0103rui copil. Centrul Evelyne folose\u0219te interven\u021bia \u00een echipa multidisciplinar\u0103 \u0219i ofer\u0103 servicii de evaluare pentru fiecare copil \u00een parte, urmate de un program individualizat de terapii \u0219i activit\u0103\u021bi de consiliere sau educative, at\u00e2t pentru copil, c\u00e2t \u0219i pentru familia acestuia.<\/p><p>In primul an de activitate, de serviciile Centrului \u201cEvelyne\u201d au beneficiat 110 copii si 43 familii prin 1.551 de terapii \u0219i consulta\u021bii pentru copii. Media lunar\u0103 a fost de de 130 de prezent\u0103ri\/lun\u0103, iar pentru urmatorii 2 ani managementul centrului isi doreste dublarea numarului de beneficiari.<\/p><p>18-19 noiembrie 2014 \u2013 <strong>Conferin\u021ba<\/strong> cu tema \u201c<em>Rolul echipei multidisciplinare in interventia precoce asupra copilului aflat in situatie de risc<\/em>\u201d<\/p><p>Conferin\u021ba a fost organizat\u0103 de Institutul pentru Dezvoltarea Copilului, \u00een parteneriat cu Autoritatea Na\u021bional\u0103 pentru Protec\u021bia Drepturilor Copilului \u0219i Adop\u021bie, Colegiul Na\u021bional al Asisten\u021bilor Sociali, Colegiul Psihologilor din Rom\u00e2nia, Colegiul Medicilor din Rom\u00e2nia.<\/p><p>Conferin\u021ba a prezentat, pe de o parte, importan\u021ba interven\u021biei precoce asupra copilului aflat \u00een diverse situa\u021bii de risc, iar pe de alt\u0103 parte, necesitatea constitutirii echipei multidisciplinare care s\u0103 efectueze aceast\u0103 interven\u021bie. Interven\u021bia precoce este fundamental\u0103 \u00een stoparea situa\u021biei de risc \u00een care este pus copilul, dar \u0219i \u00een prevenirea apari\u021biei \u0219i dezvolt\u0103rii de fenomene psiho-afective \u0219i cognitive negative care vor influen\u021ba via\u021ba copilului pentru perioade lungi de timp, prelungindu-se uneori p\u00e2n\u0103 la via\u021ba de adult. Echipa multidisciplinar\u0103 adaptat\u0103 nevoilor copilului trebuie s\u0103 aib\u0103 o interven\u021bie modulat\u0103 astfel \u00eenc\u00e2t s\u0103 poat\u0103 recunoa\u0219te, preveni \u0219i trata toate fenomenele patologice sau traumele care \u00ee\u0219i au originea \u00een situa\u021bia de risc \u0219i s\u0103 poat\u0103 diminua efectele complexe pe termen lung.<\/p><p>\u00cen cadrul conferin\u021bei au sus\u021binut prezent\u0103ri:<\/p><ul><li>Charles A. Nelson, III, Ph.D., Universitatea Harvard\/Children Hospital Boston<\/li><li>Charles H. Zeanah, JR, MD, Universitatea Tulane, Facultatea de medicin\u0103<\/li><li>Nathan A. Fox, Ph. D., Universitatea Maryland<\/li><li>Dr. Geraldine Viot, genetician clinician, Maternitatea Port-Royale, Paris<\/li><li>Ciprian Fartusnic, Director General, Institutul de \u0218tiin\u021be ale Educa\u021biei, Bucure\u0219ti<\/li><li>Evelyne Soyez-Pappiernik, profesor osteopat<\/li><\/ul><p>13 noiembrie 2013 \u2013 <strong>Conferin\u021ba<\/strong> cu tema \u201c<em>Efectele institu\u021bionaliz\u0103rii asupra dezvolt\u0103rii copilului<\/em>. <em>Observa\u021bie, diagnostic, prevenire a consecin\u021belor de lung\u0103 durat\u0103<\/em>\u201d<\/p><p>Conferin\u021ba a fost organizat\u0103 la Palatul Parlamentului de Institutul pentru Dezvoltarea Copilului \u00een parteneriat cu Ministerul Muncii, Familiei, Protec\u021biei Sociale \u0219i Persoanelor V\u00e2rstnice, cu sprijinul Funda\u021biei SERA Rom\u00e2nia \u0219i a Federa\u021biei Organiza\u021biilor Neguvernamentale pentru Copil (FONPC).<\/p><p>\u00cen cadrul conferin\u021bei au sus\u021binut prezent\u0103ri:<\/p><ul><li>Charles A. Nelson, III, Ph.D., Universitatea Harvard\/Children Hospital Boston<\/li><li>Charles H. Zeanah, JR, MD, Universitatea Tulane, Facultatea de medicin\u0103<\/li><li>Nathan A. Fox, Ph. D., Universitatea Maryland<\/li><\/ul><p>31 octombrie \u2013 1 noiembrie 2011 \u2013 <strong>Congresul<\/strong> cu tema \u201c<em>Abordarea multidisciplinar\u0103 \u2013 condi\u021bie esen\u021bial\u0103 pentru dezvoltarea armonioas\u0103 a copilului<\/em>\u201d<\/p><p>Congresul s-a adresat tuturor profesioni\u0219tilor implicati \u00een dezvoltarea copilului \u0219i a reunit reprezentan\u021bi ai autorit\u0103\u021bilor locale \u0219i centrale cu responsabilit\u0103\u021bi \u00een domeniul protec\u021biei speciale a copilului, ai asocia\u021biilor profesionale dar \u0219i ai organiza\u021biilor neguvernamentale.<\/p><p>\u00a0<\/p><p>\u00a0<\/p><\/div> \t\t\t\t\t\t\t\t\t<\/div>\r\n\t\t\t\t\t\t\t\t\t\t\t\t\t\t\t\t\t<\/div><!-- .dslc-accordion-content -->\r\n\r\n\t\t\t\t\t\t\t<\/div><!-- .dslc-accordion-item -->\r\n\r\n\t\t\t\t\t\t\r\n\t\t\t\t\t\t\t<div class=\"dslc-accordion-item\" id=\"accordion-1\">\r\n\r\n\t\t\t\t\t\t\t\t<div class=\"dslc-accordion-header dslc-accordion-hook\">\r\n\t\t\t\t\t\t\t\t\t<span class=\"dslc-accordion-title\" >                    SEMINARII si GRUPURI DE LUCRU<\/span>\r\n\t\t\t\t\t\t\t\t\t\t\t\t\t\t\t\t\t\t\t\t\t\t\t\t\t\t\t\t<div class=\"dslca-accordion-action-hooks\">\r\n\t\t\t\t\t\t\t\t\t\t\t<span class=\"dslca-toggle-accordion-hook\"><span class=\"dslca-icon dslc-icon-minus\"><\/span><\/span>\r\n\t\t\t\t\t\t\t\t\t\t<\/div>\r\n\t\t\t\t\t\t\t\t\t\t\t\t\t\t\t\t\t<\/div>\r\n\r\n\t\t\t\t\t\t\t\t<div class=\"dslc-accordion-content\">\r\n\t\t\t\t\t\t\t\t\t<div class=\"dslca-editable-content\">\r\n\t\t\t\t\t\t\t\t\t\t <div style=\"text-align: left;\" align=\"center\"><p><strong>Martie-aprilie 2017<\/strong><\/p><p><span style=\"color: #0000ff;\">Sesiuni de formare profesional\u0103 continu\u0103 pentru cadre didactice: \u201cIntegrarea \u0219colar\u0103 a elevilor cu ADHD\u201d, respectiv \u201cIntegrarea \u0219colar\u0103 a elevilor cu tulbur\u0103ri de \u00eenv\u0103\u021bare\u201d<\/span><\/p><p>Asocia\u021bia pentru Dezvoltarea Copilului organizeaz\u0103 o serie de patru cursuri de formare profesional\u0103 continu\u0103 pentru cadre didactice, dup\u0103 cum urmeaz\u0103:<\/p><ul><li>4-5 martie \u0219i 11-12 martie 2017 - \u201cIntegrarea \u0219colar\u0103 a elevilor cu ADHD\u201d<\/li><li>25-26 martie \u0219i 1-2 aprilie 2017 - \u201cIntegrarea \u0219colar\u0103 a elevilor cu tulbur\u0103ri de \u00eenv\u0103\u021bare\u201d<\/li><\/ul><p>Cursurile sunt organizate\u00a0 \u00een parteneriat cu Casa Corpului Didactic a Municipiului Bucure\u0219ti \u0219i sunt incluse \u00een oferta de formare a acestei institu\u021bii, av\u00e2nd ca \u0219i public \u021bint\u0103 120 de cadre didactice din \u00eenv\u0103\u021b\u0103m\u00e2ntul preuniversitar \u0219i consilieri \u0219colari. Scopul programelor de formare este acela de a facilita integrarea elevilor cu ADHD, respectiv a celor cu tulbur\u0103ri de \u00eenv\u0103\u021bare, prin ac\u021biuni de identificare precoce \u0219i interven\u021bii terapeutice \u0219i educa\u021bionale adecvate.<\/p><p>Ambele cursuri sunt structurate pe trei module tematice, primul care prezint\u0103 caracteristicile, descrierea \u0219i elementele distinctive fa\u021b\u0103 de alte tulbur\u0103ri, al doilea exploreaz\u0103 colaborarea \u0219coal\u0103-familie \u00een vederea integr\u0103rii copiilor cu ADHD sau, dup\u0103 caz, cu tulbur\u0103ri de \u00eenv\u0103\u021bare, \u00een timp ce ultimul modul este dedicat modalit\u0103\u021bilor de interven\u021bie \u00een \u00a0vederea \u00eembun\u0103t\u0103\u021birii interac\u021biunii tuturor participan\u021bilor la procesul educa\u021bional.<\/p><\/div><div style=\"text-align: left;\" align=\"center\">\u00a0<\/div><div style=\"text-align: left;\" align=\"center\">Octombrie 2016<\/div><div style=\"text-align: left;\" align=\"center\"><a title=\"Curs de formare \u2033Evaluarea \u0219i dezvoltarea abilit\u0103\u021bilor parentale\u2033\" href=\"http:\/\/institutulcopilului.ro\/?page_id=650\">Curs de formare \u2033Evaluarea \u0219i dezvoltarea abilit\u0103\u021bilor parentale\u2033\u00a0 <\/a><\/div><p><em>Evaluarea corect\u0103 de c\u0103tre profesioni\u0219ti a abilit\u0103\u021bilor parentale a celor direct responsabili de \u00eengrijirea copiilor are o importan\u021b\u0103 esen\u021bial\u0103 \u00een toate etapele procesului de instrumentare a cazuisticii aferente copiilor afla\u0163i \u00een sistemul de protec\u0163ie special\u0103. Drept urmare, Institutul pentru Dezvoltarea Copilului, la recomandarea Autorit\u0103\u021bii Na\u021bionale pentru Protec\u021bia Copilului \u0219i Adop\u021bie, v\u0103 propune organizarea unei serii de sesiuni de formare pe aceast\u0103 tem\u0103.<\/em><br \/><em> Noul program de formare profesional\u0103 poart\u0103 denumirea de \u2033Evaluarea \u0219i dezvoltarea abilit\u0103\u021bilor parentale\u2033 \u0219i are drept obiective actualizarea \u015fi \u00eembun\u0103t\u0103\u0163irea cuno\u015ftin\u0163elor profesioni\u0219tilor privind abilit\u0103\u021bile parentale ale persoanelor care au \u00een cre\u0219tere \u0219i \u00eengrijire copii, cunoa\u0219terea impactului acestora asupra dezvolt\u0103rii copilului, metodele \u0219i instrumentele de evaluare a capacit\u0103\u021bilor parentale precum \u0219i analiza unor tehnici de dezvoltare a unor astfel de abilit\u0103\u021bi.<\/em><\/p><p>10-11 noiembrie 2014<br \/><strong>workshopul pentru profesioni\u0219ti<\/strong> \u201c<em>Deficitul de aten\u021bie (ADHD) \u0219i comportamentul disruptiv (DBD)<\/em>\u201d,<br \/>organizat de Institutul pentru Dezvoltarea Copilului, cu participarea dnei Mary Margaret Gleason, M.D., FAAP (membru al Academiei Americane de Pediatrie) \u2013 medic specializat \u00een psihiatria copilului \u0219i adolescentului \u0219i a dnei Kathryn L. Humphereys, Ph.D. \u2013 doctor \u00een psihologie, cercet\u0103tor, specializat \u00een psihologia copilului \u0219i adolescentului.<\/p><p>Temele abordate au fost centrate pe criteriile de diagnosticare \u0219i evaluare ale ADHD-ului si DBD-ului, pe m\u0103surile de depistare precoce ale acestora, precum \u0219i pe posibilele atitudini terapeutice \u0219i pe introducerea unei abord\u0103ri integrate de tratament, implic\u00e2nd interven\u021bii medicale, psihosociale \u0219i comunitare.<\/p><p>3-4 noiembrie 2014<br \/><strong>seminarul <\/strong>\u201c<em>Tulbur\u0103ri din spectrul autist: diagnostic, screening \u0219i tratament<\/em>\u201d,<br \/>organizat de Institutul pentru Dezvoltarea Copilului \u00een parteneriat cu Spitalul de Psihiatrie Titan \u201c Dr. Constantin Gorgos\u201d. Temele abordate au fost centrate pe criteriile de diagnosticare \u0219i evaluare ale autismului, pe m\u0103surile de depistare precoce ale acestuia, precum \u0219i pe posibilele atitudini terapeutice.<\/p><p>Lectori au fost April Levin \u2013 medic \u00een specialitatea neurologie, Centrul TSA, Departamentul de Neurologie, Spitalul Universitar de Pediatrie Boston, SUA, Elizabeth Joy Shaffer \u2013 terapeut ocupa\u021bional, Shanna Alvarez \u2013 psiholog, cercet\u0103tor, Universitatea Washington, SUA.<\/p>\t\t\t\t\t\t\t\t\t<\/div>\r\n\t\t\t\t\t\t\t\t\t\t\t\t\t\t\t\t\t<\/div><!-- .dslc-accordion-content -->\r\n\r\n\t\t\t\t\t\t\t<\/div><!-- .dslc-accordion-item -->\r\n\r\n\t\t\t\t\t\t\r\n\t\t\t\t\t\r\n\t\t\t\t\t\r\n\t\t\t\t<\/div><!-- .dslc-accordion -->\r\n\r\n\t\t\r\n\t\t\t\t<\/div><!-- .dslc-module -->\r\n\t\t<\/div><\/div><\/div><\/div><\/div>","protected":false},"excerpt":{"rendered":"<p>CONGRESE \u0219i CONFERIN\u021aE 18-19 ianuarie 2017Conferin\u021ba cu tema \u201dInterven\u021bia terapeutic\u0103 integrat\u0103 \u00een recuperarea copilului cu dizabilit\u0103\u021bi\u201d Evenimentul organizat de Asocia\u021bia pentru Dezvoltarea Copilului (ADC) s-a desfasurat timp de doua zile in Bucuresti si a adunat peste 120 de medici, psihologi, asisten\u021bi sociali \u0219i speciali\u0219ti \u00een domeniu, dar si autoritati \u0219i p\u0103rin\u021bi ai copiilor cu dizabilit\u0103\u021bi. [&hellip;]<\/p>\n","protected":false},"author":1,"featured_media":0,"parent":0,"menu_order":0,"comment_status":"closed","ping_status":"closed","template":"","meta":[],"_links":{"self":[{"href":"https:\/\/institutulcopilului.ro\/index.php?rest_route=\/wp\/v2\/pages\/5"}],"collection":[{"href":"https:\/\/institutulcopilului.ro\/index.php?rest_route=\/wp\/v2\/pages"}],"about":[{"href":"https:\/\/institutulcopilului.ro\/index.php?rest_route=\/wp\/v2\/types\/page"}],"author":[{"embeddable":true,"href":"https:\/\/institutulcopilului.ro\/index.php?rest_route=\/wp\/v2\/users\/1"}],"replies":[{"embeddable":true,"href":"https:\/\/institutulcopilului.ro\/index.php?rest_route=%2Fwp%2Fv2%2Fcomments&post=5"}],"version-history":[{"count":4,"href":"https:\/\/institutulcopilului.ro\/index.php?rest_route=\/wp\/v2\/pages\/5\/revisions"}],"predecessor-version":[{"id":614,"href":"https:\/\/institutulcopilului.ro\/index.php?rest_route=\/wp\/v2\/pages\/5\/revisions\/614"}],"wp:attachment":[{"href":"https:\/\/institutulcopilului.ro\/index.php?rest_route=%2Fwp%2Fv2%2Fmedia&parent=5"}],"curies":[{"name":"wp","href":"https:\/\/api.w.org\/{rel}","templated":true}]}}